{"id":7376,"date":"2024-07-12T01:57:52","date_gmt":"2024-07-12T01:57:52","guid":{"rendered":"https:\/\/biblioteca.justo-sierra.net\/?page_id=7376"},"modified":"2026-04-27T15:09:56","modified_gmt":"2026-04-27T15:09:56","slug":"eurythmie","status":"publish","type":"page","link":"https:\/\/biblioteca.justo-sierra.net\/?page_id=7376","title":{"rendered":"Eurythmie"},"content":{"rendered":"<p>[et_pb_section fb_built=&#8221;1&#8243; _builder_version=&#8221;4.22.1&#8243; _module_preset=&#8221;default&#8221; min_height=&#8221;722.5px&#8221; custom_padding=&#8221;||0px|||&#8221; global_colors_info=&#8221;{}&#8221;][et_pb_row _builder_version=&#8221;4.27.4&#8243; _module_preset=&#8221;default&#8221; global_colors_info=&#8221;{}&#8221;][et_pb_column type=&#8221;4_4&#8243; _builder_version=&#8221;4.27.4&#8243; _module_preset=&#8221;default&#8221; global_colors_info=&#8221;{}&#8221;][et_pb_button button_url=&#8221;https:\/\/biblioteca.justo-sierra.net\/wp-content\/uploads\/2025\/08\/POLITICAS_EDITORIALES_EURYTHMIE.pdf&#8221; button_text=&#8221;Pol\u00edticas Editoriales&#8221; button_alignment=&#8221;center&#8221; _builder_version=&#8221;4.27.4&#8243; _module_preset=&#8221;default&#8221; custom_button=&#8221;on&#8221; button_text_color=&#8221;#E02B20&#8243; button_border_width=&#8221;2px&#8221; button_border_radius=&#8221;20px&#8221; global_colors_info=&#8221;{}&#8221;][\/et_pb_button][\/et_pb_column][\/et_pb_row][et_pb_row column_structure=&#8221;1_3,1_3,1_3&#8243; _builder_version=&#8221;4.22.1&#8243; _module_preset=&#8221;default&#8221; custom_padding=&#8221;|||0px||&#8221; global_colors_info=&#8221;{}&#8221;][et_pb_column type=&#8221;1_3&#8243; _builder_version=&#8221;4.22.1&#8243; _module_preset=&#8221;default&#8221; global_colors_info=&#8221;{}&#8221;][\/et_pb_column][et_pb_column type=&#8221;1_3&#8243; _builder_version=&#8221;4.22.1&#8243; _module_preset=&#8221;default&#8221; global_colors_info=&#8221;{}&#8221;][dsm_image_reveal reveal_text=&#8221;Eurythmie A\u00f1o 12 Vol. 13, no.2&#8243; src=&#8221;https:\/\/biblioteca.justo-sierra.net\/wp-content\/uploads\/2026\/04\/archivojs8144_1.jpg&#8221; title_text=&#8221;archivojs8144_1&#8243; reveal_overlay_color=&#8221;RGBA(10,3,3,0.71)&#8221; admin_label=&#8221;Eurythmie A\u00f1o 1, Vol.1, No.1&#8243; _builder_version=&#8221;4.27.5&#8243; _module_preset=&#8221;default&#8221; reveal_text_text_color=&#8221;#FFFFFF&#8221; background_color=&#8221;RGBA(255,255,255,0)&#8221; width=&#8221;58%&#8221; link_option_url=&#8221;https:\/\/biblioteca.justo-sierra.net\/wp-content\/uploads\/2026\/04\/archivojs8144-2.pdf&#8221; link_option_url_new_window=&#8221;on&#8221; hover_enabled=&#8221;0&#8243; border_radii=&#8221;on|15px|15px|15px|15px&#8221; box_shadow_style=&#8221;preset1&#8243; text_shadow_style=&#8221;preset1&#8243; text_shadow_color=&#8221;#000000&#8243; global_colors_info=&#8221;{}&#8221; custom_margin=&#8221;|-58px||||&#8221; sticky_enabled=&#8221;0&#8243;][\/dsm_image_reveal][\/et_pb_column][et_pb_column type=&#8221;1_3&#8243; _builder_version=&#8221;4.22.1&#8243; _module_preset=&#8221;default&#8221; global_colors_info=&#8221;{}&#8221;][\/et_pb_column][\/et_pb_row][et_pb_row column_structure=&#8221;1_5,1_5,1_5,1_5,1_5&#8243; _builder_version=&#8221;4.22.1&#8243; _module_preset=&#8221;default&#8221; custom_padding=&#8221;|||0px||&#8221; global_colors_info=&#8221;{}&#8221;][et_pb_column type=&#8221;1_5&#8243; _builder_version=&#8221;4.27.5&#8243; _module_preset=&#8221;default&#8221; global_colors_info=&#8221;{}&#8221;][\/et_pb_column][et_pb_column type=&#8221;1_5&#8243; _builder_version=&#8221;4.22.1&#8243; _module_preset=&#8221;default&#8221; global_colors_info=&#8221;{}&#8221;][dsm_image_reveal reveal_text=&#8221;Eurythmie A\u00f1o 12 Vol. 13, no.2&#8243; src=&#8221;https:\/\/biblioteca.justo-sierra.net\/wp-content\/uploads\/2025\/12\/archivojs7677_1.jpg&#8221; title_text=&#8221;archivojs7677_1&#8243; reveal_overlay_color=&#8221;RGBA(10,3,3,0.71)&#8221; admin_label=&#8221;Eurythmie A\u00f1o 1, Vol.1, No.1&#8243; _builder_version=&#8221;4.27.5&#8243; _module_preset=&#8221;default&#8221; reveal_text_text_color=&#8221;#FFFFFF&#8221; background_color=&#8221;RGBA(255,255,255,0)&#8221; width=&#8221;78%&#8221; link_option_url=&#8221;https:\/\/biblioteca.justo-sierra.net\/wp-content\/uploads\/2025\/12\/archivojs7677.pdf&#8221; link_option_url_new_window=&#8221;on&#8221; hover_enabled=&#8221;0&#8243; border_radii=&#8221;on|15px|15px|15px|15px&#8221; box_shadow_style=&#8221;preset1&#8243; text_shadow_style=&#8221;preset1&#8243; text_shadow_color=&#8221;#000000&#8243; global_colors_info=&#8221;{}&#8221; sticky_enabled=&#8221;0&#8243; custom_margin=&#8221;||19px|||&#8221;][\/dsm_image_reveal][et_pb_text _builder_version=&#8221;4.27.5&#8243; _module_preset=&#8221;default&#8221; hover_enabled=&#8221;0&#8243; global_colors_info=&#8221;{}&#8221; sticky_enabled=&#8221;0&#8243;]<\/p>\n<p style=\"text-align: left;\">Eurythmie A\u00f1o 12, Vol. 13, No. 2,<\/p>\n<p>[\/et_pb_text][\/et_pb_column][et_pb_column type=&#8221;1_5&#8243; _builder_version=&#8221;4.22.1&#8243; _module_preset=&#8221;default&#8221; global_colors_info=&#8221;{}&#8221;][\/et_pb_column][et_pb_column type=&#8221;1_5&#8243; _builder_version=&#8221;4.22.1&#8243; _module_preset=&#8221;default&#8221; global_colors_info=&#8221;{}&#8221;][dsm_image_reveal reveal_text=&#8221;Eurythmie A\u00f1o 12 Vol. 13. No.1&#8243; src=&#8221;https:\/\/biblioteca.justo-sierra.net\/wp-content\/uploads\/2025\/05\/Eurythmie.jpg&#8221; alt=&#8221;Eurythmie A\u00f1o 10 Vol. 10. No.2&#8243; title_text=&#8221;Eurythmie&#8221; reveal_overlay_color=&#8221;RGBA(10,3,3,0.71)&#8221; admin_label=&#8221;Eurythmie A\u00f1o 1, Vol.1, No.1&#8243; _builder_version=&#8221;4.27.5&#8243; _module_preset=&#8221;default&#8221; reveal_text_text_color=&#8221;#FFFFFF&#8221; background_color=&#8221;RGBA(255,255,255,0)&#8221; width=&#8221;78%&#8221; link_option_url=&#8221;https:\/\/biblioteca.justo-sierra.net\/wp-content\/uploads\/2025\/05\/Rev_E_Vol_3_7_05_-2025-19_27.pdf&#8221; link_option_url_new_window=&#8221;on&#8221; hover_enabled=&#8221;0&#8243; border_radii=&#8221;on|15px|15px|15px|15px&#8221; box_shadow_style=&#8221;preset1&#8243; text_shadow_style=&#8221;preset1&#8243; text_shadow_color=&#8221;#000000&#8243; global_colors_info=&#8221;{}&#8221; sticky_enabled=&#8221;0&#8243; custom_margin=&#8221;||16px|||&#8221;][\/dsm_image_reveal][et_pb_text _builder_version=&#8221;4.27.5&#8243; _module_preset=&#8221;default&#8221; global_colors_info=&#8221;{}&#8221;]<\/p>\n<p style=\"text-align: left;\">Eurythmie A\u00f1o 10 Vol. 13. No.1<\/p>\n<p>[\/et_pb_text][\/et_pb_column][et_pb_column type=&#8221;1_5&#8243; _builder_version=&#8221;4.22.1&#8243; _module_preset=&#8221;default&#8221; global_colors_info=&#8221;{}&#8221;][\/et_pb_column][\/et_pb_row][et_pb_row column_structure=&#8221;1_4,1_4,1_4,1_4&#8243; _builder_version=&#8221;4.22.1&#8243; _module_preset=&#8221;default&#8221; custom_padding=&#8221;|||0px||&#8221; global_colors_info=&#8221;{}&#8221;][et_pb_column type=&#8221;1_4&#8243; _builder_version=&#8221;4.22.1&#8243; _module_preset=&#8221;default&#8221; global_colors_info=&#8221;{}&#8221;][dsm_image_reveal reveal_text=&#8221;Eurythmie A\u00f1o 10 Vol. 10, no.2&#8243; src=&#8221;https:\/\/biblioteca.justo-sierra.net\/wp-content\/uploads\/2024\/10\/EURYTHMIE-Vol-10-No-2_001.jpg&#8221; alt=&#8221;proximamente&#8221; title_text=&#8221;EURYTHMIE Vol 10 No 2_001&#8243; reveal_overlay_color=&#8221;rgba(10,3,3,0.71)&#8221; admin_label=&#8221;Eurythmie A\u00f1o 1, Vol.1, No.1&#8243; _builder_version=&#8221;4.22.1&#8243; _module_preset=&#8221;default&#8221; reveal_text_text_color=&#8221;#FFFFFF&#8221; background_color=&#8221;RGBA(255,255,255,0)&#8221; width=&#8221;58%&#8221; link_option_url=&#8221;https:\/\/biblioteca.justo-sierra.net\/wp-content\/uploads\/2024\/10\/EURYTHMIE_Vol_10_No2.pdf&#8221; link_option_url_new_window=&#8221;on&#8221; border_radii=&#8221;on|15px|15px|15px|15px&#8221; box_shadow_style=&#8221;preset1&#8243; text_shadow_style=&#8221;preset1&#8243; text_shadow_color=&#8221;#000000&#8243; global_colors_info=&#8221;{}&#8221;][\/dsm_image_reveal][et_pb_text _builder_version=&#8221;4.22.1&#8243; _module_preset=&#8221;default&#8221; global_colors_info=&#8221;{}&#8221;]<\/p>\n<p><span data-olk-copy-source=\"MessageBody\">Eurythmie A\u00f1o 10 Vol. 10, no.2<\/span><\/p>\n<p>[\/et_pb_text][\/et_pb_column][et_pb_column type=&#8221;1_4&#8243; _builder_version=&#8221;4.22.1&#8243; _module_preset=&#8221;default&#8221; global_colors_info=&#8221;{}&#8221;][dsm_image_reveal reveal_text=&#8221;Eurythmie A\u00f1o 10 Vol. 10. No.2&#8243; src=&#8221;https:\/\/biblioteca.justo-sierra.net\/wp-content\/uploads\/2024\/07\/Eurythmie-Anno10-Vol10-No.2.jpg&#8221; alt=&#8221;Eurythmie A\u00f1o 10 Vol. 10. No.2&#8243; title_text=&#8221;Eurythmie A\u00f1o 10 Vol. 10. No.2&#8243; reveal_overlay_color=&#8221;RGBA(10,3,3,0.71)&#8221; admin_label=&#8221;Eurythmie A\u00f1o 1, Vol.1, No.1&#8243; _builder_version=&#8221;4.22.1&#8243; _module_preset=&#8221;default&#8221; reveal_text_text_color=&#8221;#FFFFFF&#8221; background_color=&#8221;RGBA(255,255,255,0)&#8221; width=&#8221;58%&#8221; link_option_url=&#8221;https:\/\/ujsierracom-my.sharepoint.com\/:b:\/g\/personal\/anabelherrera_ujsierra_com_mx\/EYwPB8Mf891BnePDLvnzMXwBvIryQ_PylVNdue5_b_a7Fw?e=NPHWVU&#8221; link_option_url_new_window=&#8221;on&#8221; hover_enabled=&#8221;0&#8243; border_radii=&#8221;on|15px|15px|15px|15px&#8221; box_shadow_style=&#8221;preset1&#8243; text_shadow_style=&#8221;preset1&#8243; text_shadow_color=&#8221;#000000&#8243; global_colors_info=&#8221;{}&#8221; sticky_enabled=&#8221;0&#8243;][\/dsm_image_reveal][et_pb_text _builder_version=&#8221;4.22.1&#8243; _module_preset=&#8221;default&#8221; global_colors_info=&#8221;{}&#8221;]<\/p>\n<p style=\"text-align: left;\">Eurythmie A\u00f1o 10 Vol. 10. No.1<\/p>\n<p>[\/et_pb_text][\/et_pb_column][et_pb_column type=&#8221;1_4&#8243; _builder_version=&#8221;4.22.1&#8243; _module_preset=&#8221;default&#8221; global_colors_info=&#8221;{}&#8221;][dsm_image_reveal reveal_text=&#8221;Eurythmie A\u00f1o 8 Vol. 8 No.1&#8243; src=&#8221;https:\/\/biblioteca.justo-sierra.net\/wp-content\/uploads\/2024\/07\/Eurythmie-Anno8-Vol8-N1.jpg&#8221; alt=&#8221;Eurythmie A\u00f1o 8 Vol. 8 No.1&#8243; title_text=&#8221;Eurythmie A\u00f1o 8 Vol. 8 No.1&#8243; reveal_overlay_color=&#8221;RGBA(10,3,3,0.71)&#8221; admin_label=&#8221;Eurythmie A\u00f1o 1, Vol.1, No.1&#8243; _builder_version=&#8221;4.22.1&#8243; _module_preset=&#8221;default&#8221; reveal_text_text_color=&#8221;#FFFFFF&#8221; background_color=&#8221;RGBA(255,255,255,0)&#8221; width=&#8221;58%&#8221; link_option_url=&#8221;https:\/\/ujsierracom-my.sharepoint.com\/:b:\/g\/personal\/anabelherrera_ujsierra_com_mx\/EW-ap2jCLCdPrL1jbFrnZ0ABJILPHI4Ww9H6jYwd1L_uUw?e=9OghIy&#8221; link_option_url_new_window=&#8221;on&#8221; border_radii=&#8221;on|15px|15px|15px|15px&#8221; box_shadow_style=&#8221;preset1&#8243; text_shadow_style=&#8221;preset1&#8243; text_shadow_color=&#8221;#000000&#8243; global_colors_info=&#8221;{}&#8221;][\/dsm_image_reveal][et_pb_text _builder_version=&#8221;4.22.1&#8243; _module_preset=&#8221;default&#8221; global_colors_info=&#8221;{}&#8221;]<\/p>\n<p style=\"text-align: left;\">Eurythmie A\u00f1o 8 Vol. 8 No.1<\/p>\n<p>[\/et_pb_text][\/et_pb_column][et_pb_column type=&#8221;1_4&#8243; _builder_version=&#8221;4.22.1&#8243; _module_preset=&#8221;default&#8221; global_colors_info=&#8221;{}&#8221;][dsm_image_reveal reveal_text=&#8221;Eurythmie A\u00f1o 7 Vol.7 No. 2&#8243; src=&#8221;https:\/\/biblioteca.justo-sierra.net\/wp-content\/uploads\/2024\/07\/Eurythmie-Anno-7-Vol-7-No2.jpg&#8221; title_text=&#8221;Eurythmie-Anno-7-Vol-7-No2&#8243; reveal_overlay_color=&#8221;RGBA(10,3,3,0.71)&#8221; admin_label=&#8221;Eurythmie A\u00f1o 1, Vol.1, No.1&#8243; _builder_version=&#8221;4.22.1&#8243; _module_preset=&#8221;default&#8221; reveal_text_text_color=&#8221;#FFFFFF&#8221; background_color=&#8221;RGBA(255,255,255,0)&#8221; width=&#8221;58%&#8221; link_option_url=&#8221;https:\/\/ujsierracom-my.sharepoint.com\/:b:\/g\/personal\/anabelherrera_ujsierra_com_mx\/ERxtpMmxX2JLmLqZa3K4Al8BWGK_oYhMJldubqcV7hpljA?e=7GyJVe&#8221; link_option_url_new_window=&#8221;on&#8221; border_radii=&#8221;on|15px|15px|15px|15px&#8221; box_shadow_style=&#8221;preset1&#8243; text_shadow_style=&#8221;preset1&#8243; text_shadow_color=&#8221;#000000&#8243; global_colors_info=&#8221;{}&#8221;][\/dsm_image_reveal][et_pb_text _builder_version=&#8221;4.22.1&#8243; _module_preset=&#8221;default&#8221; global_colors_info=&#8221;{}&#8221;]<\/p>\n<p style=\"text-align: left;\">Eurythmie A\u00f1o 7 Vol.7 No. 2<\/p>\n<p>[\/et_pb_text][\/et_pb_column][\/et_pb_row][et_pb_row column_structure=&#8221;1_4,1_4,1_4,1_4&#8243; _builder_version=&#8221;4.22.1&#8243; _module_preset=&#8221;default&#8221; custom_padding=&#8221;|||0px||&#8221; global_colors_info=&#8221;{}&#8221;][et_pb_column type=&#8221;1_4&#8243; _builder_version=&#8221;4.22.1&#8243; _module_preset=&#8221;default&#8221; global_colors_info=&#8221;{}&#8221;][dsm_image_reveal reveal_text=&#8221;Eurythmie A\u00f1o 5 Vol. 5 No.2  Memorias&#8221; src=&#8221;https:\/\/biblioteca.justo-sierra.net\/wp-content\/uploads\/2024\/07\/Eurythmie-Anno5-Vol5-No2-Memorias.jpg&#8221; title_text=&#8221;Eurythmie-Anno5-Vol5-No2-Memorias&#8221; reveal_overlay_color=&#8221;#E02B20&#8243; admin_label=&#8221;Eurythmie A\u00f1o 1, Vol.1, No.1&#8243; _builder_version=&#8221;4.22.1&#8243; _module_preset=&#8221;default&#8221; reveal_text_text_color=&#8221;#FFFFFF&#8221; background_color=&#8221;RGBA(255,255,255,0)&#8221; width=&#8221;58%&#8221; link_option_url=&#8221;https:\/\/ujsierracom-my.sharepoint.com\/:b:\/g\/personal\/anabelherrera_ujsierra_com_mx\/EeC0z7kagcNLpOgs4MjWAcwBC73uP0AF-bBdH_vt94O5ZQ?e=mmO7al&#8221; link_option_url_new_window=&#8221;on&#8221; border_radii=&#8221;on|15px|15px|15px|15px&#8221; box_shadow_style=&#8221;preset1&#8243; text_shadow_style=&#8221;preset1&#8243; text_shadow_color=&#8221;#FFFFFF&#8221; global_colors_info=&#8221;{}&#8221;][\/dsm_image_reveal][et_pb_text _builder_version=&#8221;4.22.1&#8243; _module_preset=&#8221;default&#8221; global_colors_info=&#8221;{}&#8221;]<\/p>\n<p style=\"text-align: left;\">Eurythmie A\u00f1o 5 Vol. 5 No.2 Memorias<\/p>\n<p>[\/et_pb_text][\/et_pb_column][et_pb_column type=&#8221;1_4&#8243; _builder_version=&#8221;4.22.1&#8243; _module_preset=&#8221;default&#8221; global_colors_info=&#8221;{}&#8221;][dsm_image_reveal reveal_text=&#8221;Eurythmie A\u00f1o 5, Vol. 5. No. 1&#8243; src=&#8221;https:\/\/biblioteca.justo-sierra.net\/wp-content\/uploads\/2024\/07\/EurythmieAno5-Vol5-No1.jpg&#8221; alt=&#8221;Eurythmie A\u00f1o 5, Vol. 5. No. 1&#8243; title_text=&#8221;Eurythmie A\u00f1o 5, Vol. 5. No. 1&#8243; reveal_overlay_color=&#8221;RGBA(10,3,3,0.71)&#8221; admin_label=&#8221;Eurythmie A\u00f1o 1, Vol.1, No.1&#8243; _builder_version=&#8221;4.22.1&#8243; _module_preset=&#8221;default&#8221; reveal_text_text_color=&#8221;#FFFFFF&#8221; background_color=&#8221;RGBA(255,255,255,0)&#8221; width=&#8221;58%&#8221; link_option_url=&#8221;https:\/\/ujsierracom-my.sharepoint.com\/:b:\/g\/personal\/anabelherrera_ujsierra_com_mx\/EYop9tROHO5ElNN3pIw0nZEBq3jnJ9KWDPed2x5nFx1Beg?e=lBMTqv&#8221; border_radii=&#8221;on|15px|15px|15px|15px&#8221; box_shadow_style=&#8221;preset1&#8243; text_shadow_style=&#8221;preset1&#8243; text_shadow_color=&#8221;#000000&#8243; global_colors_info=&#8221;{}&#8221;][\/dsm_image_reveal][et_pb_text _builder_version=&#8221;4.22.1&#8243; _module_preset=&#8221;default&#8221; global_colors_info=&#8221;{}&#8221;]<\/p>\n<p style=\"text-align: left;\">Eurythmie A\u00f1o 5, Vol. 5. No. 1<\/p>\n<p>[\/et_pb_text][\/et_pb_column][et_pb_column type=&#8221;1_4&#8243; _builder_version=&#8221;4.22.1&#8243; _module_preset=&#8221;default&#8221; global_colors_info=&#8221;{}&#8221;][dsm_image_reveal reveal_text=&#8221;Eurythmie A\u00f1o 4 Vol. 4 No. 2&#8243; src=&#8221;https:\/\/biblioteca.justo-sierra.net\/wp-content\/uploads\/2024\/07\/Eurythmie-Ano4-Vol4-No2.jpg&#8221; alt=&#8221;Eurythmie A\u00f1o 4 Vol. 4 No. 2&#8243; title_text=&#8221;EurythmEurythmie A\u00f1o 4 Vol. 4 No. 2ie-Ano4-Vol4-No2&#8243; reveal_overlay_color=&#8221;RGBA(10,2,2,0.71)&#8221; admin_label=&#8221;Eurythmie A\u00f1o 1, Vol.1, No.1&#8243; _builder_version=&#8221;4.22.1&#8243; _module_preset=&#8221;default&#8221; reveal_text_text_color=&#8221;#FFFFFF&#8221; background_color=&#8221;RGBA(255,255,255,0)&#8221; width=&#8221;58%&#8221; link_option_url=&#8221;https:\/\/ujsierracom-my.sharepoint.com\/:b:\/g\/personal\/anabelherrera_ujsierra_com_mx\/EQ8E8f27MlxGiqGCh1QTNM0BCZrbS99fQop2jZ8CHFRkdg?e=Gfew8A&#8221; link_option_url_new_window=&#8221;on&#8221; border_radii=&#8221;on|15px|15px|15px|15px&#8221; box_shadow_style=&#8221;preset1&#8243; text_shadow_style=&#8221;preset1&#8243; text_shadow_color=&#8221;#000000&#8243; global_colors_info=&#8221;{}&#8221;][\/dsm_image_reveal][et_pb_text _builder_version=&#8221;4.22.1&#8243; _module_preset=&#8221;default&#8221; global_colors_info=&#8221;{}&#8221;]<\/p>\n<p style=\"text-align: left;\">Eurythmie A\u00f1o 4 Vol. 4 No. 2<\/p>\n<p>[\/et_pb_text][\/et_pb_column][et_pb_column type=&#8221;1_4&#8243; _builder_version=&#8221;4.22.1&#8243; _module_preset=&#8221;default&#8221; global_colors_info=&#8221;{}&#8221;][dsm_image_reveal reveal_text=&#8221;Eurythmie  A\u00f1o 3 Vol 3, no. 2 julio 2017&#8243; src=&#8221;https:\/\/biblioteca.justo-sierra.net\/wp-content\/uploads\/2024\/07\/Eurythmie-Ano3-Vol3-no2-julio-2017.jpg&#8221; alt=&#8221;Eurythmie  A\u00f1o 3 Vol 3, no. 2 julio 2017&#8243; title_text=&#8221;Eurythmie  A\u00f1o 3 Vol 3, no. 2 julio 2017&#8243; reveal_overlay_color=&#8221;RGBA(10,3,3,0.71)&#8221; align=&#8221;center&#8221; admin_label=&#8221;Eurythmie A\u00f1o 1, Vol.1, No.1&#8243; _builder_version=&#8221;4.22.1&#8243; _module_preset=&#8221;default&#8221; reveal_text_text_color=&#8221;#FFFFFF&#8221; background_color=&#8221;RGBA(255,255,255,0)&#8221; width=&#8221;58%&#8221; link_option_url=&#8221;https:\/\/ujsierracom-my.sharepoint.com\/:b:\/g\/personal\/anabelherrera_ujsierra_com_mx\/EZG642jMulNKvhe2ZQw_8G0Bed9KNT38bvu_AiBprKFVQw?e=MVhOrz&#8221; link_option_url_new_window=&#8221;on&#8221; border_radii=&#8221;on|15px|15px|15px|15px&#8221; box_shadow_style=&#8221;preset1&#8243; text_shadow_style=&#8221;preset1&#8243; text_shadow_color=&#8221;#000000&#8243; global_colors_info=&#8221;{}&#8221;][\/dsm_image_reveal][et_pb_text _builder_version=&#8221;4.22.1&#8243; _module_preset=&#8221;default&#8221; global_colors_info=&#8221;{}&#8221;]<\/p>\n<p style=\"text-align: left;\">Eurythmie A\u00f1o 3 Vol 3, no. 2 julio 2017<\/p>\n<p>[\/et_pb_text][\/et_pb_column][\/et_pb_row][et_pb_row column_structure=&#8221;1_4,1_4,1_4,1_4&#8243; _builder_version=&#8221;4.22.1&#8243; _module_preset=&#8221;default&#8221; custom_padding=&#8221;|||0px||&#8221; global_colors_info=&#8221;{}&#8221;][et_pb_column type=&#8221;1_4&#8243; _builder_version=&#8221;4.22.1&#8243; _module_preset=&#8221;default&#8221; global_colors_info=&#8221;{}&#8221;][dsm_image_reveal reveal_text=&#8221;Eurythmie. A\u00f1o 3, Vol. 3. No. 1. Julio &#8211; Diciembre 2016&#8243; src=&#8221;https:\/\/biblioteca.justo-sierra.net\/wp-content\/uploads\/2024\/07\/Ano3-Vol3-No1-Julio-Diciembre2016.jpg&#8221; alt=&#8221;Eurythmie. A\u00f1o 3, Vol. 3. No. 1. Julio &#8211; Diciembre 2016&#8243; title_text=&#8221;Eurythmie. A\u00f1o 3, Vol. 3. No. 1. Julio &#8211; Diciembre 2016&#8243; reveal_overlay_color=&#8221;RGBA(10,3,3,0.71)&#8221; admin_label=&#8221;Eurythmie A\u00f1o 1, Vol.1, No.1&#8243; _builder_version=&#8221;4.22.1&#8243; _module_preset=&#8221;default&#8221; reveal_text_text_color=&#8221;#FFFFFF&#8221; background_color=&#8221;RGBA(255,255,255,0)&#8221; width=&#8221;58%&#8221; link_option_url=&#8221;https:\/\/ujsierracom-my.sharepoint.com\/:b:\/g\/personal\/anabelherrera_ujsierra_com_mx\/EY1OIG23xitFhBo-83VE8jkB-aIgcz52Mwe59mGb0I0_iw?e=4iTnTl&#8221; link_option_url_new_window=&#8221;on&#8221; border_radii=&#8221;on|15px|15px|15px|15px&#8221; box_shadow_style=&#8221;preset1&#8243; text_shadow_style=&#8221;preset1&#8243; text_shadow_color=&#8221;#000000&#8243; global_colors_info=&#8221;{}&#8221;][\/dsm_image_reveal][et_pb_text _builder_version=&#8221;4.22.1&#8243; _module_preset=&#8221;default&#8221; global_colors_info=&#8221;{}&#8221;]<\/p>\n<p style=\"text-align: left;\">Eurythmie. A\u00f1o 3, Vol. 3. No. 1. Julio &#8211; Diciembre 2016<\/p>\n<p>[\/et_pb_text][\/et_pb_column][et_pb_column type=&#8221;1_4&#8243; _builder_version=&#8221;4.22.1&#8243; _module_preset=&#8221;default&#8221; global_colors_info=&#8221;{}&#8221;][dsm_image_reveal reveal_text=&#8221;Eurythmie A\u00f1o 2 Vol. 2 No. 1 2015&#8243; src=&#8221;https:\/\/biblioteca.justo-sierra.net\/wp-content\/uploads\/2024\/07\/Eurythmie-Ano2-Vol-2-No1-2015.jpg&#8221; alt=&#8221;Eurythmie A\u00f1o 2 Vol. 2 No. 1 2015&#8243; title_text=&#8221;Eurythmie A\u00f1o 2 Vol. 2 No. 1 2015&#8243; reveal_overlay_color=&#8221;RGBA(10,10,10,0.71)&#8221; admin_label=&#8221;Eurythmie A\u00f1o 1, Vol.1, No.1&#8243; _builder_version=&#8221;4.22.1&#8243; _module_preset=&#8221;default&#8221; reveal_text_text_color=&#8221;#FFFFFF&#8221; background_color=&#8221;RGBA(255,255,255,0)&#8221; width=&#8221;58%&#8221; link_option_url=&#8221;https:\/\/ujsierracom-my.sharepoint.com\/:b:\/g\/personal\/anabelherrera_ujsierra_com_mx\/EVUTMfOh6TlGrCBoNm6O_8EBnKw16sOQ9RXJl-K_lrEh_Q?e=mV2qNh&#8221; link_option_url_new_window=&#8221;on&#8221; border_radii=&#8221;on|15px|15px|15px|15px&#8221; box_shadow_style=&#8221;preset1&#8243; text_shadow_style=&#8221;preset1&#8243; text_shadow_color=&#8221;#FFFFFF&#8221; global_colors_info=&#8221;{}&#8221;][\/dsm_image_reveal][et_pb_text _builder_version=&#8221;4.22.1&#8243; _module_preset=&#8221;default&#8221; global_colors_info=&#8221;{}&#8221;]<\/p>\n<p style=\"text-align: left;\">Eurythmie A\u00f1o 2 Vol. 2 No. 1 2015<\/p>\n<p>[\/et_pb_text][\/et_pb_column][et_pb_column type=&#8221;1_4&#8243; _builder_version=&#8221;4.22.1&#8243; _module_preset=&#8221;default&#8221; global_colors_info=&#8221;{}&#8221;][dsm_image_reveal reveal_text=&#8221;Eurythimie , A\u00f1o 1, Vol. 1. No. 2, Enero- Junio 2015&#8243; src=&#8221;https:\/\/biblioteca.justo-sierra.net\/wp-content\/uploads\/2024\/07\/Vol2No22014.jpg&#8221; alt=&#8221;Eurythimie , A\u00f1o 1, Vol. 1. No. 2, Enero- Junio 2015&#8243; title_text=&#8221;Eurythimie , A\u00f1o 1, Vol. 1. No. 2, Enero- Junio 2015&#8243; reveal_overlay_color=&#8221;rgba(10,10,10,0.71)&#8221; admin_label=&#8221;Eurythmie A\u00f1o 1, Vol.1, No.1&#8243; _builder_version=&#8221;4.22.1&#8243; _module_preset=&#8221;default&#8221; reveal_text_text_color=&#8221;#FFFFFF&#8221; background_color=&#8221;RGBA(255,255,255,0)&#8221; width=&#8221;58%&#8221; link_option_url=&#8221;https:\/\/ujsierracom-my.sharepoint.com\/:b:\/g\/personal\/anabelherrera_ujsierra_com_mx\/ERUn1pZOBdtNnIO_TmpGgysBc4EEBrkwEmnP6RRuuzqxlQ?e=rndJVF&#8221; link_option_url_new_window=&#8221;on&#8221; border_radii=&#8221;on|15px|15px|15px|15px&#8221; box_shadow_style=&#8221;preset1&#8243; text_shadow_style=&#8221;preset1&#8243; text_shadow_color=&#8221;#000000&#8243; global_colors_info=&#8221;{}&#8221;][\/dsm_image_reveal][et_pb_text _builder_version=&#8221;4.22.1&#8243; _module_preset=&#8221;default&#8221; global_colors_info=&#8221;{}&#8221;]<\/p>\n<p style=\"text-align: left;\">Eurythimie , A\u00f1o 1, Vol. 1. No. 2, Enero- Junio 2015<\/p>\n<p>[\/et_pb_text][\/et_pb_column][et_pb_column type=&#8221;1_4&#8243; _builder_version=&#8221;4.22.1&#8243; _module_preset=&#8221;default&#8221; global_colors_info=&#8221;{}&#8221;][dsm_image_reveal reveal_text=&#8221;Euryhmie  A\u00f1o 1, Vol.1, No.1&#8243; src=&#8221;https:\/\/biblioteca.justo-sierra.net\/wp-content\/uploads\/2024\/07\/Vol1No12014.jpg&#8221; title_text=&#8221;Eurythmie Vol. 1 No. 1&#8243; reveal_overlay_color=&#8221;rgba(10,10,10,0.71)&#8221; admin_label=&#8221;Eurythmie A\u00f1o 1, Vol.1, No.1&#8243; _builder_version=&#8221;4.22.1&#8243; _module_preset=&#8221;default&#8221; reveal_text_text_color=&#8221;#FFFFFF&#8221; background_color=&#8221;RGBA(255,255,255,0)&#8221; width=&#8221;58%&#8221; link_option_url=&#8221;https:\/\/ujsierracom-my.sharepoint.com\/:b:\/g\/personal\/anabelherrera_ujsierra_com_mx\/EXUWGUfA5MBJrUh_jyy6QyABa-8bQ1mSqADqx1mLxh6X1g?e=3ejn0t&#8221; link_option_url_new_window=&#8221;on&#8221; border_radii=&#8221;on|15px|15px|15px|15px&#8221; box_shadow_style=&#8221;preset1&#8243; text_shadow_style=&#8221;preset1&#8243; text_shadow_color=&#8221;#000000&#8243; global_colors_info=&#8221;{}&#8221;][\/dsm_image_reveal][et_pb_text _builder_version=&#8221;4.22.1&#8243; _module_preset=&#8221;default&#8221; global_colors_info=&#8221;{}&#8221;]<\/p>\n<p style=\"text-align: left;\">Euryhmie A\u00f1o 1, Vol.1, No.1<\/p>\n<p>[\/et_pb_text][\/et_pb_column][\/et_pb_row][\/et_pb_section]<\/p>\n","protected":false},"excerpt":{"rendered":"<p>Pol\u00edticas Editoriales Eurythmie A\u00f1o 12 Vol. 13, no.2 Eurythmie A\u00f1o 12 Vol. 13, no.2 Eurythmie A\u00f1o 12, Vol. 13, No. 2, Eurythmie A\u00f1o 12 Vol. 13. No.1 Eurythmie A\u00f1o 10 Vol. 13. No.1 Eurythmie A\u00f1o 10&#8230;<\/p>\n","protected":false},"author":1,"featured_media":0,"parent":0,"menu_order":0,"comment_status":"closed","ping_status":"closed","template":"template-full-width.php","meta":{"_et_pb_use_builder":"on","_et_pb_old_content":"","_et_gb_content_width":"","_monsterinsights_skip_tracking":false,"_monsterinsights_sitenote_active":false,"_monsterinsights_sitenote_note":"","_monsterinsights_sitenote_category":0,"_vp_format_video_url":"","_vp_image_focal_point":[],"footnotes":""},"class_list":["post-7376","page","type-page","status-publish","hentry"],"featured_image_src":null,"featured_image_src_square":null,"_links":{"self":[{"href":"https:\/\/biblioteca.justo-sierra.net\/index.php?rest_route=\/wp\/v2\/pages\/7376","targetHints":{"allow":["GET"]}}],"collection":[{"href":"https:\/\/biblioteca.justo-sierra.net\/index.php?rest_route=\/wp\/v2\/pages"}],"about":[{"href":"https:\/\/biblioteca.justo-sierra.net\/index.php?rest_route=\/wp\/v2\/types\/page"}],"author":[{"embeddable":true,"href":"https:\/\/biblioteca.justo-sierra.net\/index.php?rest_route=\/wp\/v2\/users\/1"}],"replies":[{"embeddable":true,"href":"https:\/\/biblioteca.justo-sierra.net\/index.php?rest_route=%2Fwp%2Fv2%2Fcomments&post=7376"}],"version-history":[{"count":46,"href":"https:\/\/biblioteca.justo-sierra.net\/index.php?rest_route=\/wp\/v2\/pages\/7376\/revisions"}],"predecessor-version":[{"id":8061,"href":"https:\/\/biblioteca.justo-sierra.net\/index.php?rest_route=\/wp\/v2\/pages\/7376\/revisions\/8061"}],"wp:attachment":[{"href":"https:\/\/biblioteca.justo-sierra.net\/index.php?rest_route=%2Fwp%2Fv2%2Fmedia&parent=7376"}],"curies":[{"name":"wp","href":"https:\/\/api.w.org\/{rel}","templated":true}]}}