{"id":7240,"date":"2024-06-21T04:50:24","date_gmt":"2024-06-21T04:50:24","guid":{"rendered":"https:\/\/biblioteca.justo-sierra.net\/?page_id=7240"},"modified":"2024-07-12T02:05:14","modified_gmt":"2024-07-12T02:05:14","slug":"7240-2","status":"publish","type":"page","link":"https:\/\/biblioteca.justo-sierra.net\/?page_id=7240","title":{"rendered":""},"content":{"rendered":"<p>[et_pb_section fb_built=&#8221;1&#8243; admin_label=&#8221;Blog&#8221; _builder_version=&#8221;4.16&#8243; _module_preset=&#8221;default&#8221; custom_padding=&#8221;||0px|||&#8221; global_colors_info=&#8221;{}&#8221;][et_pb_row use_custom_gutter=&#8221;on&#8221; gutter_width=&#8221;2&#8243; _builder_version=&#8221;4.16&#8243; _module_preset=&#8221;default&#8221; global_colors_info=&#8221;{}&#8221;][et_pb_column type=&#8221;4_4&#8243; _builder_version=&#8221;4.16&#8243; _module_preset=&#8221;default&#8221; global_colors_info=&#8221;{}&#8221;][et_pb_text _builder_version=&#8221;4.22.1&#8243; _module_preset=&#8221;b53a70bb-9f62-4ee5-b34f-c7a321ddbf6c&#8221; text_font=&#8221;|700|||||||&#8221; text_text_color=&#8221;#E02B20&#8243; text_font_size=&#8221;21px&#8221; header_font=&#8221;Candal|||on|||||&#8221; header_text_color=&#8221;#000000&#8243; header_font_size=&#8221;100px&#8221; header_line_height=&#8221;1.2em&#8221; header_font_size_tablet=&#8221;40px&#8221; header_font_size_phone=&#8221;24px&#8221; header_font_size_last_edited=&#8221;on|phone&#8221; global_colors_info=&#8221;{}&#8221;]<\/p>\n<h2>Revistas con ISSN<\/h2>\n<p>[\/et_pb_text][\/et_pb_column][\/et_pb_row][\/et_pb_section][et_pb_section fb_built=&#8221;1&#8243; _builder_version=&#8221;4.22.1&#8243; _module_preset=&#8221;default&#8221; min_height=&#8221;722.5px&#8221; global_colors_info=&#8221;{}&#8221;][et_pb_row column_structure=&#8221;1_3,1_3,1_3&#8243; _builder_version=&#8221;4.22.1&#8243; _module_preset=&#8221;default&#8221; custom_padding=&#8221;|||0px||&#8221; global_colors_info=&#8221;{}&#8221;][et_pb_column type=&#8221;1_3&#8243; _builder_version=&#8221;4.22.1&#8243; _module_preset=&#8221;default&#8221; global_colors_info=&#8221;{}&#8221;][dsm_card title=&#8221;ECOS &#8221; subtitle=&#8221;DESDE LAS FRONTERAS DEL CONOCIMIENTO&#8221; image=&#8221;https:\/\/biblioteca.justo-sierra.net\/wp-content\/uploads\/2024\/06\/ecos-b.jpg&#8221; badge_text=&#8221;Badget Text&#8221; button_text=&#8221;Ir a&#8221; button_url=&#8221;https:\/\/revistaecos.net\/&#8221; button_url_new_window=&#8221;1&#8243; _builder_version=&#8221;4.22.1&#8243; _module_preset=&#8221;default&#8221; header_text_color=&#8221;#E02B20&#8243; subhead_text_color=&#8221;#E02B20&#8243; custom_margin=&#8221;|-129px||||&#8221; custom_padding=&#8221;|6px||||&#8221; global_colors_info=&#8221;{}&#8221;]<\/p>\n<p>La \u201cRevista ECOS\u201d desde las fronteras del Conocimiento\u00a0(ISSN 2007-28-48)\u00a0es una publicaci\u00f3n de car\u00e1cter semestral, especializada en la socializaci\u00f3n de logros acad\u00e9micos y cient\u00edficos, cuyo objetivo es difundir los trabajos de investigaci\u00f3n, generados por la Comunidad Universitaria, que se realizan en las diferentes disciplinas que conforman las \u00e1reas de conocimiento.<\/p>\n<p>[\/dsm_card][\/et_pb_column][et_pb_column type=&#8221;1_3&#8243; _builder_version=&#8221;4.22.1&#8243; _module_preset=&#8221;default&#8221; global_colors_info=&#8221;{}&#8221;][\/et_pb_column][et_pb_column type=&#8221;1_3&#8243; _builder_version=&#8221;4.22.1&#8243; _module_preset=&#8221;default&#8221; global_colors_info=&#8221;{}&#8221;][dsm_card title=&#8221;EURYTHMIE&#8221; image=&#8221;https:\/\/biblioteca.justo-sierra.net\/wp-content\/uploads\/2024\/06\/Eurithmy.png&#8221; image_as_background=&#8221;off&#8221; badge_text=&#8221;Badget Text&#8221; badge_url=&#8221;https:\/\/biblioteca.justo-sierra.net\/?page_id=7376&#8243; button_text=&#8221;Ir a&#8221; button_url_new_window=&#8221;1&#8243; _builder_version=&#8221;4.22.1&#8243; _module_preset=&#8221;default&#8221; custom_margin=&#8221;|||-127px||&#8221; hover_enabled=&#8221;0&#8243; global_colors_info=&#8221;{}&#8221; link_option_url=&#8221;https:\/\/biblioteca.justo-sierra.net\/?page_id=7376&#8243; sticky_enabled=&#8221;0&#8243; button_url=&#8221;https:\/\/biblioteca.justo-sierra.net\/?page_id=7376&#8243;]<\/p>\n<p>La Revista\u00a0Eurythmie (ISSN 2395-9282) es una publicaci\u00f3n de car\u00e1cter semestral, editada por la Universidad Justo Sierra que busca promover la armon\u00eda del conocimiento y enriquecer tanto a la comunidad universitaria como al p\u00fablico en general a trav\u00e9s de la divulgaci\u00f3n cient\u00edfica y human\u00edstica, utilizando la palabra, la comunicaci\u00f3n audiovisual y las obras gr\u00e1ficas, pl\u00e1sticas y art\u00edsticas como medios para lograrlo.<\/p>\n<p>[\/dsm_card][\/et_pb_column][\/et_pb_row][\/et_pb_section]<\/p>\n","protected":false},"excerpt":{"rendered":"<p>Revistas con ISSN Badget Text ECOS DESDE LAS FRONTERAS DEL CONOCIMIENTO La \u201cRevista ECOS\u201d desde las fronteras del Conocimiento\u00a0(ISSN 2007-28-48)\u00a0es una publicaci\u00f3n de car\u00e1cter semestral,&#8230;<\/p>\n","protected":false},"author":1,"featured_media":0,"parent":0,"menu_order":0,"comment_status":"closed","ping_status":"closed","template":"template-full-width.php","meta":{"_et_pb_use_builder":"on","_et_pb_old_content":"","_et_gb_content_width":"","_monsterinsights_skip_tracking":false,"_monsterinsights_sitenote_active":false,"_monsterinsights_sitenote_note":"","_monsterinsights_sitenote_category":0,"_vp_format_video_url":"","_vp_image_focal_point":[],"footnotes":""},"class_list":["post-7240","page","type-page","status-publish","hentry"],"featured_image_src":null,"featured_image_src_square":null,"_links":{"self":[{"href":"https:\/\/biblioteca.justo-sierra.net\/index.php?rest_route=\/wp\/v2\/pages\/7240","targetHints":{"allow":["GET"]}}],"collection":[{"href":"https:\/\/biblioteca.justo-sierra.net\/index.php?rest_route=\/wp\/v2\/pages"}],"about":[{"href":"https:\/\/biblioteca.justo-sierra.net\/index.php?rest_route=\/wp\/v2\/types\/page"}],"author":[{"embeddable":true,"href":"https:\/\/biblioteca.justo-sierra.net\/index.php?rest_route=\/wp\/v2\/users\/1"}],"replies":[{"embeddable":true,"href":"https:\/\/biblioteca.justo-sierra.net\/index.php?rest_route=%2Fwp%2Fv2%2Fcomments&post=7240"}],"version-history":[{"count":15,"href":"https:\/\/biblioteca.justo-sierra.net\/index.php?rest_route=\/wp\/v2\/pages\/7240\/revisions"}],"predecessor-version":[{"id":7385,"href":"https:\/\/biblioteca.justo-sierra.net\/index.php?rest_route=\/wp\/v2\/pages\/7240\/revisions\/7385"}],"wp:attachment":[{"href":"https:\/\/biblioteca.justo-sierra.net\/index.php?rest_route=%2Fwp%2Fv2%2Fmedia&parent=7240"}],"curies":[{"name":"wp","href":"https:\/\/api.w.org\/{rel}","templated":true}]}}