{"id":569,"date":"2021-08-04T03:47:25","date_gmt":"2021-08-04T03:47:25","guid":{"rendered":"http:\/\/biblioteca.justo-sierra.net\/?page_id=569"},"modified":"2025-10-09T15:48:29","modified_gmt":"2025-10-09T15:48:29","slug":"elementor-569","status":"publish","type":"page","link":"https:\/\/biblioteca.justo-sierra.net\/?page_id=569","title":{"rendered":"Reglamento"},"content":{"rendered":"<p>[et_pb_section fb_built=&#8221;1&#8243; _builder_version=&#8221;4.27.4&#8243; _module_preset=&#8221;default&#8221; custom_padding=&#8221;22px||0px|||&#8221; global_colors_info=&#8221;{}&#8221;][et_pb_row _builder_version=&#8221;4.27.4&#8243; _module_preset=&#8221;default&#8221; custom_padding=&#8221;15px||7px|||&#8221; global_colors_info=&#8221;{}&#8221;][et_pb_column type=&#8221;4_4&#8243; _builder_version=&#8221;4.27.4&#8243; _module_preset=&#8221;default&#8221; global_colors_info=&#8221;{}&#8221;][et_pb_heading title=&#8221;REGLAMENTOS&#8221; _builder_version=&#8221;4.27.4&#8243; _module_preset=&#8221;default&#8221; global_colors_info=&#8221;{}&#8221;][\/et_pb_heading][\/et_pb_column][\/et_pb_row][\/et_pb_section][et_pb_section fb_built=&#8221;1&#8243; _builder_version=&#8221;4.27.4&#8243; _module_preset=&#8221;default&#8221; custom_padding=&#8221;0px|||||&#8221; global_colors_info=&#8221;{}&#8221;][et_pb_row _builder_version=&#8221;4.27.4&#8243; _module_preset=&#8221;default&#8221; global_colors_info=&#8221;{}&#8221;][et_pb_column type=&#8221;4_4&#8243; _builder_version=&#8221;4.27.4&#8243; _module_preset=&#8221;default&#8221; global_colors_info=&#8221;{}&#8221;][dsm_icon_list icon_color=&#8221;#E02B20&#8243; icon_gap_width=&#8221;1.1em&#8221; icon_padding=&#8221;8px&#8221; icon_font_size=&#8221;20px&#8221; text_indent=&#8221;21px&#8221; _builder_version=&#8221;4.27.4&#8243; _module_preset=&#8221;default&#8221; custom_margin=&#8221;||||false|false&#8221; custom_padding=&#8221;16px||10px||false|false&#8221; hover_enabled=&#8221;0&#8243; text_text_shadow_style=&#8221;preset4&#8243; border_style_all=&#8221;none&#8221; border_style_all_icon=&#8221;none&#8221; border_style_all_image=&#8221;none&#8221; border_radii_list_item=&#8221;on|5px|5px|5px|5px&#8221; border_width_all_list_item=&#8221;1px&#8221; border_style_all_list_item=&#8221;none&#8221; box_shadow_style_list_item=&#8221;preset1&#8243; global_colors_info=&#8221;{}&#8221; sticky_enabled=&#8221;0&#8243;][dsm_icon_list_child text=&#8221;Cl\u00ednica Escuela De Psicolog\u00eda &#8221; font_icon=&#8221;&#xf1c1;||fa||900&#8243; url=&#8221;https:\/\/biblioteca.justo-sierra.net\/wp-content\/uploads\/2025\/03\/Clinica-Escuela-de-Psicologia_lineamientos.pdf&#8221; url_new_window=&#8221;on&#8221; _builder_version=&#8221;4.27.4&#8243; _module_preset=&#8221;default&#8221; global_colors_info=&#8221;{}&#8221;][\/dsm_icon_list_child][dsm_icon_list_child text=&#8221;Manual de Pol\u00ecticas y Procedimientos del Despacho Jur\u00eddico&#8221; font_icon=&#8221;&#xf1c1;||fa||900&#8243; url=&#8221;https:\/\/biblioteca.justo-sierra.net\/wp-content\/uploads\/2025\/03\/Manual-Despacho-Juridico.pdf&#8221; url_new_window=&#8221;on&#8221; _builder_version=&#8221;4.27.4&#8243; _module_preset=&#8221;default&#8221; global_colors_info=&#8221;{}&#8221;][\/dsm_icon_list_child][dsm_icon_list_child text=&#8221;Reglamento  Bibliotecas Universitarias  2025&#8243; font_icon=&#8221;&#xf1c1;||fa||900&#8243; url=&#8221;https:\/\/biblioteca.justo-sierra.net\/wp-content\/uploads\/2025\/03\/Reglamento-bibliotecas-universitarias-2025.pdf&#8221; url_new_window=&#8221;on&#8221; _builder_version=&#8221;4.27.4&#8243; _module_preset=&#8221;default&#8221; global_colors_info=&#8221;{}&#8221;][\/dsm_icon_list_child][dsm_icon_list_child text=&#8221;Reglamento bioseguridad-Laboratorios ingenier\u00eda &#8221; font_icon=&#8221;&#xf1c1;||fa||900&#8243; url=&#8221;https:\/\/biblioteca.justo-sierra.net\/wp-content\/uploads\/2025\/03\/Reglamento-bioseguridad-Laboratorios-ingenieria.pdf&#8221; _builder_version=&#8221;4.27.4&#8243; _module_preset=&#8221;default&#8221; global_colors_info=&#8221;{}&#8221;][\/dsm_icon_list_child][dsm_icon_list_child text=&#8221;Reglamento General Estudio Fotogr\u00e1fico&#8221; font_icon=&#8221;&#xf1c1;||fa||900&#8243; url=&#8221;https:\/\/biblioteca.justo-sierra.net\/wp-content\/uploads\/2025\/03\/Reglamento-estudio-de-fotografia.pdf&#8221; url_new_window=&#8221;on&#8221; _builder_version=&#8221;4.27.4&#8243; _module_preset=&#8221;default&#8221; global_colors_info=&#8221;{}&#8221;][\/dsm_icon_list_child][dsm_icon_list_child text=&#8221;Reglamento Cabinas De Radio&#8221; font_icon=&#8221;&#xf1c1;||fa||900&#8243; url=&#8221;https:\/\/biblioteca.justo-sierra.net\/wp-content\/uploads\/2025\/03\/Reglamento-Radio.pdf&#8221; url_new_window=&#8221;on&#8221; _builder_version=&#8221;4.27.4&#8243; _module_preset=&#8221;default&#8221; global_colors_info=&#8221;{}&#8221;][\/dsm_icon_list_child][dsm_icon_list_child text=&#8221;Reglamento Foro de Televisi\u00f3n&#8221; font_icon=&#8221;&#xf1c1;||fa||900&#8243; url=&#8221;https:\/\/biblioteca.justo-sierra.net\/wp-content\/uploads\/2025\/03\/Reglamento-TV.pdf&#8221; _builder_version=&#8221;4.27.4&#8243; _module_preset=&#8221;default&#8221; global_colors_info=&#8221;{}&#8221;][\/dsm_icon_list_child][dsm_icon_list_child text=&#8221;Programa CEIBA de Integridad Profesional y Acad\u00e9mica&#8221; font_icon=&#8221;&#xf1c1;||fa||900&#8243; url=&#8221;https:\/\/biblioteca.justo-sierra.net\/wp-content\/uploads\/2025\/10\/ProgCEIBA2025.pdf&#8221; url_new_window=&#8221;on&#8221; _builder_version=&#8221;4.27.4&#8243; _module_preset=&#8221;default&#8221; hover_enabled=&#8221;0&#8243; global_colors_info=&#8221;{}&#8221; sticky_enabled=&#8221;0&#8243;][\/dsm_icon_list_child][dsm_icon_list_child text=&#8221;Protocolo de Atenci\u00f3n Justificante M\u00e9dico&#8221; font_icon=&#8221;&#xf1c1;||fa||900&#8243; url=&#8221;https:\/\/biblioteca.justo-sierra.net\/wp-content\/uploads\/2025\/10\/ProtocoloAtencioMedica.pdf&#8221; url_new_window=&#8221;on&#8221; _builder_version=&#8221;4.27.4&#8243; _module_preset=&#8221;default&#8221; global_colors_info=&#8221;{}&#8221;][\/dsm_icon_list_child][dsm_icon_list_child text=&#8221;Reglamento de Uso de la Cl\u00ednica de Escuela de Psicolog\u00eda  y  C\u00e1maras De Gesell&#8221; font_icon=&#8221;&#xf1c1;||fa||900&#8243; url=&#8221;https:\/\/biblioteca.justo-sierra.net\/wp-content\/uploads\/2025\/03\/Reglamento_Clinica-Camara-de-Gesell.pdf&#8221; url_new_window=&#8221;on&#8221; _builder_version=&#8221;4.27.4&#8243; _module_preset=&#8221;default&#8221; global_colors_info=&#8221;{}&#8221;][\/dsm_icon_list_child][\/dsm_icon_list][\/et_pb_column][\/et_pb_row][\/et_pb_section]<\/p>\n","protected":false},"excerpt":{"rendered":"<p>REGLAMENTOS \uf1c1Cl\u00ednica Escuela De Psicolog\u00eda \uf1c1Manual de Pol\u00ecticas y Procedimientos del Despacho Jur\u00eddico \uf1c1Reglamento Bibliotecas Universitarias 2025 \uf1c1Reglamento bioseguridad-Laboratorios ingenier\u00eda&#8230;<\/p>\n","protected":false},"author":1,"featured_media":0,"parent":0,"menu_order":0,"comment_status":"closed","ping_status":"closed","template":"elementor_header_footer","meta":{"_et_pb_use_builder":"on","_et_pb_old_content":"<!-- wp:site-title \/-->\n\n<!-- wp:shortcode -->\n[3d-flip-book id=\"600\" ][\/3d-flip-book]\n<!-- \/wp:shortcode -->\n\n<!-- wp:paragraph -->\n<p><\/p>\n<!-- \/wp:paragraph -->","_et_gb_content_width":"","_monsterinsights_skip_tracking":false,"_monsterinsights_sitenote_active":false,"_monsterinsights_sitenote_note":"","_monsterinsights_sitenote_category":0,"_vp_format_video_url":"","_vp_image_focal_point":[],"footnotes":""},"class_list":["post-569","page","type-page","status-publish","hentry"],"featured_image_src":null,"featured_image_src_square":null,"_links":{"self":[{"href":"https:\/\/biblioteca.justo-sierra.net\/index.php?rest_route=\/wp\/v2\/pages\/569","targetHints":{"allow":["GET"]}}],"collection":[{"href":"https:\/\/biblioteca.justo-sierra.net\/index.php?rest_route=\/wp\/v2\/pages"}],"about":[{"href":"https:\/\/biblioteca.justo-sierra.net\/index.php?rest_route=\/wp\/v2\/types\/page"}],"author":[{"embeddable":true,"href":"https:\/\/biblioteca.justo-sierra.net\/index.php?rest_route=\/wp\/v2\/users\/1"}],"replies":[{"embeddable":true,"href":"https:\/\/biblioteca.justo-sierra.net\/index.php?rest_route=%2Fwp%2Fv2%2Fcomments&post=569"}],"version-history":[{"count":26,"href":"https:\/\/biblioteca.justo-sierra.net\/index.php?rest_route=\/wp\/v2\/pages\/569\/revisions"}],"predecessor-version":[{"id":8041,"href":"https:\/\/biblioteca.justo-sierra.net\/index.php?rest_route=\/wp\/v2\/pages\/569\/revisions\/8041"}],"wp:attachment":[{"href":"https:\/\/biblioteca.justo-sierra.net\/index.php?rest_route=%2Fwp%2Fv2%2Fmedia&parent=569"}],"curies":[{"name":"wp","href":"https:\/\/api.w.org\/{rel}","templated":true}]}}